{"id":2926,"date":"2024-03-01T14:32:54","date_gmt":"2024-03-01T13:32:54","guid":{"rendered":"https:\/\/www.express-online.com\/solution\/transporteurs-express\/"},"modified":"2025-07-30T15:19:30","modified_gmt":"2025-07-30T13:19:30","slug":"express-carriers","status":"publish","type":"page","link":"https:\/\/www.express-online.com\/en\/solution\/express-carriers\/","title":{"rendered":"Express carriers"},"content":{"rendered":"\n<div class=\"wp-block-columns is-layout-flex wp-container-core-columns-is-layout-9d6595d7 wp-block-columns-is-layout-flex\">\n<div class=\"wp-block-column is-layout-flow wp-block-column-is-layout-flow\">\n<p class=\"sub-title_orange\">Register on Express-Online and gain access to many benefits<\/p>\n\n\n\n<p>We connect you with <strong>charterers<\/strong> who are searching for vehicles that match your availability and routes, helping you gain new clients.<\/p>\n<\/div>\n<\/div>\n\n\n\n\n<div style=\"height:20px\" aria-hidden=\"true\" class=\"wp-block-spacer\"><\/div>\n\n\n\n<div class=\"wp-block-columns container_margin--top is-layout-flex wp-container-core-columns-is-layout-9d6595d7 wp-block-columns-is-layout-flex\">\n<div class=\"wp-block-column is-layout-flow wp-block-column-is-layout-flow\" style=\"flex-basis:80%\"><div class=\"oct-news-item pages_lamelles\">\n            <div class=\"div-img\">\n            <img loading=\"lazy\" decoding=\"async\" width=\"173\" height=\"115\" src=\"https:\/\/www.express-online.com\/wp-content\/uploads\/camion-img.png\" class=\"attachment-post-lamelle size-post-lamelle\" alt=\"Different trucks of transport\" \/>        <\/div>\n            <div class=\"right-bloc\">\n    <h2 class=\"h3 oct-template-lamelle_title oct-title--margin\">\n        Pre-register your vehicles    <\/h2>\n    <div class=\"oct-template-lamelle_content\">\n        <p>Register your vehicles with their specific features: are you a safety advisor with a curtain-sided vehicle, a tail lift, a refrigerated unit, or an extended chassis? These characteristics and many more are taken into account by our search algorithms to help you access the most suitable urgent and tailor-made freight offers.<\/p>\n    <\/div>\n    <\/div>\n \n<\/div>\n\n\n\n<div class=\"oct-news-item pages_lamelles\">\n            <div class=\"div-img\">\n            <img loading=\"lazy\" decoding=\"async\" width=\"172\" height=\"115\" src=\"https:\/\/www.express-online.com\/wp-content\/uploads\/box-img.png\" class=\"attachment-post-lamelle size-post-lamelle\" alt=\"\">        <\/div>\n            <div class=\"right-bloc\">\n    <h2 class=\"h3 oct-template-lamelle_title oct-title--margin\">\n        Get urgent freight offers based on your routes    <\/h2>\n    <div class=\"oct-template-lamelle_content\">\n        <p>As soon as your registration is approved, you become visible from your home area. Then, as soon as you log into the mobile app, the Express-Online system tracks the movement of your vehicles in real time both in terms of time and location\u2014to offer you the best possible matches with express shippers registered on the platform.<\/p>\n    <\/div>\n    <\/div>\n \n<\/div>\n\n\n\n<div class=\"oct-news-item pages_lamelles\">\n            <div class=\"div-img\">\n            <img loading=\"lazy\" decoding=\"async\" width=\"172\" height=\"110\" src=\"https:\/\/www.express-online.com\/wp-content\/uploads\/transporteur.png\" class=\"attachment-post-lamelle size-post-lamelle\" alt=\"Carrier\" \/>        <\/div>\n            <div class=\"right-bloc\">\n    <h2 class=\"h3 oct-template-lamelle_title oct-title--margin\">\n        Log in to the Express-Online mobile app    <\/h2>\n    <div class=\"oct-template-lamelle_content\">\n        <p>The Express-Online app geolocates your vehicles and anticipates their geographical position.The result: you receive alerts for targeted availability requests, and you can accept or decline proposed jobs in just a few clicks,fast and efficient.<\/p>\n    <\/div>\n    <\/div>\n \n<\/div>\n\n\n\n\n<p class=\"sub-title_orange \">\u2026And many other benefits you\u2019ll discover as you use the app\u2026<\/p>\n<\/div>\n\n\n\n<div class=\"wp-block-column is-layout-flow wp-block-column-is-layout-flow\" style=\"flex-basis:20%\"><div class=\"oct-template-sidebar_container\">\n        <div class=\"oct-about-aside page_labelles\">\n        <p class=\"oct-editor-sidebar_title\">\n            TO TAKE ADVANTAGE OF THE EXPRESS-ONLINE PLATEFORM BENEFITS        <\/p>\n\n    <\/div>\n        <div class=\"oct-template-sidebar-logo spacing\">\n        <img decoding=\"async\" src=\"https:\/\/www.express-online.com\/wp-content\/uploads\/camion-2.png\"\n            class=\"your-custom-class\" alt=\"Image Lamelle\">\n                                    <div class=\"oct-template-sidebar-container oct-bg-gris \">\n    \n                        <a href=\"https:\/\/app.express-online.com\/signup\/step0-country\/\"\n                            class=\" oct-bg-orange \">\n                           <span class=\"\">CARRIER REGISTRATION<\/span> \n                        <\/a>\n                    <\/div>\n                        <\/div>\n\n    <\/div>\n\n<div class=\"oct-template-sidebar-aide\" IMPORTANT>\n    <div class=\"tooltip-wrapper\">\n        <img decoding=\"async\" class=\"img-puce-tkm\" src=\"https:\/\/www.express-online.com\/wp-content\/themes\/expressonline\/public\/img\/puce_info_orange.png\"\n            alt=\"puce info\">\n        <div class=\"table_tooltip__division\">\n            <div class=\"tooltip__container\">\n                <div class=\"tooltip__content\">\n                                        <a href=\"\/wp-content\/uploads\/Anglais-Aide-a-l-inscription.pdf\" target=\"_blank\">Registration assistance <!--Aide \u00e0 l\u2019inscription--><\/a>\n                <\/div>\n            <\/div>\n        <\/div>\n    <\/div>\n    <a class=\"homepage_about\" href=\"\/wp-content\/uploads\/Anglais-Aide-a-l-inscription.pdf\">Registration assistance<\/a>\n<\/div><\/div>\n<\/div>\n\n\n\n<div class=\"wp-block-columns is-layout-flex wp-container-core-columns-is-layout-9d6595d7 wp-block-columns-is-layout-flex\">\n<div class=\"wp-block-column is-layout-flow wp-block-column-is-layout-flow\">\n<h2 class=\"wp-block-heading oct-template-lamelle_title\">HOW DOES IT WORK?\n<\/h2>\n\n\n\n<h3 class=\"wp-block-heading h3 oct-template-lamelle_title\">Sign up and stay connected<\/h3>\n\n\n\n<p class=\"oct-editor-paragraphe_content\">It\u2019s very simple: as soon as your vehicle is identified as the \u201cbest match\u201d for an express shipper\u2019s request registered on the Express-Online platform, our operators send you a request to agree on the transport price and confirm your availability.\nThe relevant express shipper then contacts you directly by email and\/or phone. The Express-Online platform also sends you their contact details.<\/p>\n\n\n\n<div style=\"height:4px\" aria-hidden=\"true\" class=\"wp-block-spacer\"><\/div>\n\n\n\n<p class=\"oct-editor-paragraphe_content\">All you need to do is:<\/p>\n\n\n\n<div style=\"height:4px\" aria-hidden=\"true\" class=\"wp-block-spacer\"><\/div>\n\n\n    <div class=\"oct_list\">\n        <ol>\n                            <li>\n                    <div class=\"oct_list--content oct_list--content-no-title\"><p><a href=\"https:\/\/app.express-online.com\/signup\/step0-country\/\">Register on the Express-Online platform<\/a><\/p>\n<\/div>                <\/li>\n                                <li>\n                    <div class=\"oct_list--content oct_list--content-no-title\"><p>Download our mobile app as soon as you\u2019ve registered<\/p>\n<\/div>                <\/li>\n                                <li>\n                    <div class=\"oct_list--content oct_list--content-no-title\"><p>Declare your return trips and unavailability through our mobile app<\/p>\n<\/div>                <\/li>\n                                <li>\n                    <div class=\"oct_list--content oct_list--content-no-title\"><p>Stay connected on our mobile app<\/p>\n<\/div>                <\/li>\n                        <\/ol>\n    <\/div>\n    \n\n<div class=\"oct-home-btn_container\">\n    <a class=\"arrow center\" href=\"\/en\/contact\/\">\n        CONTACT US    <\/a>\n<\/div>\n\n\n<div style=\"height:10px\" aria-hidden=\"true\" class=\"wp-block-spacer\"><\/div>\n\n\n\n<h2 class=\"wp-block-heading h2\">ANSWERS TO YOUR QUESTIONS<\/h2>\n\n\n<div id=\"rank-math-faq\" class=\"rank-math-block\">\n<div class=\"rank-math-list \">\n<div id=\"faq-question-1709639102014\" class=\"rank-math-list-item\">\n<h3 class=\"rank-math-question \">Who is the \u201cExpress-Online\u201d service for?<\/h3>\n<div class=\"rank-math-answer \">\n\n<p>The \u201cExpress-Online\u201d service is intended for organizers of national and European express road transport (Shippers) who<br \/>wish to benefit from the innovative Express-Online search system that allows them to be directly connected with the<br \/>\u201cmost suitably located available express carrier\u201d for each of their searches. This saves them search time and improves<br \/>their subcontracting costs for urgent and customized transport services (\u201ctaxi-parcel\u201d).<\/p>\n\n<\/div>\n<\/div>\n<div id=\"faq-question-1709301817492\" class=\"rank-math-list-item\">\n<h3 class=\"rank-math-question \">Why does Express-Online stand out?<\/h3>\n<div class=\"rank-math-answer \">\n\n<p>A forecasting and anticipation tool, Express-Online relies on geolocation and takes into account the movement of vehicles over time and space to identify return routes that partially or fully match vehicle search requests in France and Europe. Express-Online primarily targets matches between vehicle searches and return trips.<\/p>\n\n<\/div>\n<\/div>\n<div id=\"faq-question-1709301837792\" class=\"rank-math-list-item\">\n<h3 class=\"rank-math-question \">Does Express-Online intervene in the transaction?<\/h3>\n<div class=\"rank-math-answer \">\n\n<p>No, Express-Online does not intervene in the transaction. Reloading rates are negotiated directly between the clients and carriers based on indicative standard prices proposed by the platform. The co-contracting parties may freely deviate from these standard prices within a margin of approximately 20%.<\/p>\n\n<\/div>\n<\/div>\n<div id=\"faq-question-1709301850313\" class=\"rank-math-list-item\">\n<h3 class=\"rank-math-question \">Who sets the prices?<\/h3>\n<div class=\"rank-math-answer \">\n\n<p>The estimated price is set by our algorithms. It takes into account the carrier\u2019s geographical location, the detour needed to complete the job, common practices in the profession, the characteristics of the vehicle, the base per-kilometer rate used by the carrier for this vehicle&#8230; The final price is generally the same or very close to the estimated price and results from quick exchanges via email and notifications between our platform, the shippers, and the carriers. This method ensures that the platform is used in accordance with its purpose, both by shippers and carriers.<\/p>\n\n<\/div>\n<\/div>\n<div id=\"faq-question-1709301863134\" class=\"rank-math-list-item\">\n<h3 class=\"rank-math-question \">What area does Express-Online cover?<\/h3>\n<div class=\"rank-math-answer \">\n\n<p>Express-Online covers the entire French and European territory.<\/p>\n\n<\/div>\n<\/div>\n<div id=\"faq-question-1709723232784\" class=\"rank-math-list-item\">\n<h3 class=\"rank-math-question \">What is the cost of using the Express-Online service?<\/h3>\n<div class=\"rank-math-answer \">\n\n<p>It is free for carriers.<\/p>\n\n<\/div>\n<\/div>\n<div id=\"faq-question-1709723802796\" class=\"rank-math-list-item\">\n<h3 class=\"rank-math-question \">How am I paid after the delivery?<\/h3>\n<div class=\"rank-math-answer \">\n\n<p>Every shipper has the legal obligation to pay the transport invoices addressed to them within a maximum period of 30 days, in accordance with Article L. 441-11 Paragraph 5 of the French Commercial Code, amended by Ordinance No. 2019-359 of April 24, 2019. The carrier can hold the contracting shipper accountable, particularly in cases of late payment.<\/p>\n\n<\/div>\n<\/div>\n<div id=\"faq-question-1709723721009\" class=\"rank-math-list-item\">\n<h3 class=\"rank-math-question \">How many vehicles can I register?<\/h3>\n<div class=\"rank-math-answer \">\n\n<p>Each carrier can register between 1 and 5 vehicles.<\/p>\n\n<\/div>\n<\/div>\n<\/div>\n<\/div>\n<\/div>\n\n<div style=\"height:57px\" aria-hidden=\"true\" class=\"wp-block-spacer\"><\/div>\n\n<\/div>\n\n<div class=\"oct-home-btn_container\">\n    <a class=\"arrow center\" href=\"\/en\/solution\/faq\/\">\n        ALL QUESTIONS &#038; ANSWERS    <\/a>\n<\/div>\n\n\n<div style=\"height:57px\" aria-hidden=\"true\" class=\"wp-block-spacer\"><\/div>\n\n<\/div>\n\n\n    <div class=\"wrapper wrapper-grey oct-template_block\">\n        <div id=\"comment-ca-marche\" class=\"container oct-home-avantages\">\n            <h2 class=\"oct-home-title\"> How does it work? <!--Comment \u00e7a marche ?--><\/h2>\n            <ul>\n                <li>Search for the best available vehicle <!--Recherche du v\u00e9hicule disponible le mieux plac\u00e9--><\/li>\n                <li>Suggested purchase price taking into account the detour <!--Proposition d\u2019un prix d\u2019achat conseill\u00e9 tenant compte du d\u00e9tour--><\/li>\n                <li>Validation of vehicle cost and availability and agreement on connection fees <!--Validation du co\u00fbt et de la disponibilit\u00e9 du v\u00e9hicule et accord sur les frais de mise en relation--><\/li>\n                <li>Charterer to pay Express-Online for connection fees <!--R\u00e8glement des frais de mise en relation par l\u2019affr\u00e9teur \u00e0 Express-Online--><\/li>\n                <li>Connecting the charterer with the carrier <!--Mise en relation de l\u2019affr\u00e9teur avec le transporteur--><\/li>\n            <\/ul>\n        <\/div>\n    <\/div>\n\n","protected":false},"excerpt":{"rendered":"<p>Register on Express-Online and gain access to many benefits We connect you with charterers who are searching for vehicles that match your availability and routes, helping you gain new clients. \u2026And many other benefits you\u2019ll discover as you use the app\u2026 HOW DOES IT WORK? Sign up and stay connected It\u2019s very simple: as soon [&hellip;]<\/p>\n","protected":false},"author":1,"featured_media":0,"parent":2862,"menu_order":0,"comment_status":"closed","ping_status":"closed","template":"","meta":{"_acf_changed":false,"footnotes":""},"class_list":["post-2926","page","type-page","status-publish","hentry"],"acf":[],"_links":{"self":[{"href":"https:\/\/www.express-online.com\/en\/wp-json\/wp\/v2\/pages\/2926","targetHints":{"allow":["GET"]}}],"collection":[{"href":"https:\/\/www.express-online.com\/en\/wp-json\/wp\/v2\/pages"}],"about":[{"href":"https:\/\/www.express-online.com\/en\/wp-json\/wp\/v2\/types\/page"}],"author":[{"embeddable":true,"href":"https:\/\/www.express-online.com\/en\/wp-json\/wp\/v2\/users\/1"}],"replies":[{"embeddable":true,"href":"https:\/\/www.express-online.com\/en\/wp-json\/wp\/v2\/comments?post=2926"}],"version-history":[{"count":68,"href":"https:\/\/www.express-online.com\/en\/wp-json\/wp\/v2\/pages\/2926\/revisions"}],"predecessor-version":[{"id":3464,"href":"https:\/\/www.express-online.com\/en\/wp-json\/wp\/v2\/pages\/2926\/revisions\/3464"}],"up":[{"embeddable":true,"href":"https:\/\/www.express-online.com\/en\/wp-json\/wp\/v2\/pages\/2862"}],"wp:attachment":[{"href":"https:\/\/www.express-online.com\/en\/wp-json\/wp\/v2\/media?parent=2926"}],"curies":[{"name":"wp","href":"https:\/\/api.w.org\/{rel}","templated":true}]}}