{"id":2915,"date":"2021-06-15T14:15:13","date_gmt":"2021-06-15T12:15:13","guid":{"rendered":"https:\/\/www.express-online.com\/inscription-affreteur\/"},"modified":"2025-07-31T10:05:41","modified_gmt":"2025-07-31T08:05:41","slug":"charterer-registration","status":"publish","type":"page","link":"https:\/\/www.express-online.com\/en\/charterer-registration\/","title":{"rendered":"Charterer Registration"},"content":{"rendered":"\n<div class=\"wp-block-columns is-layout-flex wp-container-core-columns-is-layout-9d6595d7 wp-block-columns-is-layout-flex\">\n<div class=\"wp-block-column is-layout-flow wp-block-column-is-layout-flow\">\n<h2 class=\"wp-block-heading oct-editor-title\">EXPRESS CHARTERERS,<br>OUR OFFER WILL BE AVAILABLE IN THE FOURTH QUARTER OF 2025.<\/h2>\n\n\n\n<p>Soon benefit from the Express Online solution, an innovative platform connecting express transport operators, enabling the identification of empty vehicles to facilitate their reloading.<\/p>\n\n\n\n<p>In the face of ecological challenges, Express-Online is committed to optimizing transport with light vehicles in France and Europe, thereby reducing empty return trips and lowering CO2 emissions.<\/p>\n\n\n\n<p>Feel free to <a href=\"https:\/\/www.express-online.com\/en\/contact\/\">contact us<\/a> for any further information.B\u00e9n\u00e9ficiez tr\u00e8s prochainement de la solution Express Online, une plateforme innovante de mise en relation entre les op\u00e9rateurs du transport express, permettant l\u2019identification des v\u00e9hicules vides en vue de faciliter leur rechargement.<\/p>\n\n\n\n<div style=\"height:218px;width:0px\" aria-hidden=\"true\" class=\"wp-block-spacer\"><\/div>\n<\/div>\n<\/div>\n\n\n\n<div style=\"height:320px\" aria-hidden=\"true\" class=\"wp-block-spacer\"><\/div>\n","protected":false},"excerpt":{"rendered":"<p>EXPRESS CHARTERERS,OUR OFFER WILL BE AVAILABLE IN THE FOURTH QUARTER OF 2025. Soon benefit from the Express Online solution, an innovative platform connecting express transport operators, enabling the identification of empty vehicles to facilitate their reloading. In the face of ecological challenges, Express-Online is committed to optimizing transport with light vehicles in France and Europe, [&hellip;]<\/p>\n","protected":false},"author":2,"featured_media":0,"parent":0,"menu_order":0,"comment_status":"closed","ping_status":"closed","template":"","meta":{"_acf_changed":false,"footnotes":""},"class_list":["post-2915","page","type-page","status-publish","hentry"],"acf":[],"_links":{"self":[{"href":"https:\/\/www.express-online.com\/en\/wp-json\/wp\/v2\/pages\/2915","targetHints":{"allow":["GET"]}}],"collection":[{"href":"https:\/\/www.express-online.com\/en\/wp-json\/wp\/v2\/pages"}],"about":[{"href":"https:\/\/www.express-online.com\/en\/wp-json\/wp\/v2\/types\/page"}],"author":[{"embeddable":true,"href":"https:\/\/www.express-online.com\/en\/wp-json\/wp\/v2\/users\/2"}],"replies":[{"embeddable":true,"href":"https:\/\/www.express-online.com\/en\/wp-json\/wp\/v2\/comments?post=2915"}],"version-history":[{"count":17,"href":"https:\/\/www.express-online.com\/en\/wp-json\/wp\/v2\/pages\/2915\/revisions"}],"predecessor-version":[{"id":3495,"href":"https:\/\/www.express-online.com\/en\/wp-json\/wp\/v2\/pages\/2915\/revisions\/3495"}],"wp:attachment":[{"href":"https:\/\/www.express-online.com\/en\/wp-json\/wp\/v2\/media?parent=2915"}],"curies":[{"name":"wp","href":"https:\/\/api.w.org\/{rel}","templated":true}]}}