{"id":2885,"date":"2024-03-01T14:30:30","date_gmt":"2024-03-01T13:30:30","guid":{"rendered":"https:\/\/www.express-online.com\/solution\/affreteurs-express\/"},"modified":"2025-06-27T07:22:38","modified_gmt":"2025-06-27T05:22:38","slug":"express-charterers","status":"publish","type":"page","link":"https:\/\/www.express-online.com\/en\/solution\/express-charterers\/","title":{"rendered":"Express charterers"},"content":{"rendered":"\n<div class=\"wp-block-columns is-layout-flex wp-container-core-columns-is-layout-9d6595d7 wp-block-columns-is-layout-flex\">\n<div class=\"wp-block-column is-layout-flow wp-block-column-is-layout-flow\">\n<p class=\"has-text-align-center sub-title_orange\">Use an innovative contact platform for your\nexpress deliveries\n<\/p>\n\n\n\n<p>It&#8217;s very simple: just a few minutes after making a contact request in your customer area, you&#8217;ll be put in <strong>direct contact<\/strong> with the most suitable express carrier <\/p>\n<\/div>\n<\/div>\n\n\n\n<div style=\"height:20px\" aria-hidden=\"true\" class=\"wp-block-spacer\"><\/div>\n\n\n\n<div class=\"wp-block-columns container_margin--top is-layout-flex wp-container-core-columns-is-layout-9d6595d7 wp-block-columns-is-layout-flex\">\n<div class=\"wp-block-column is-vertically-aligned-stretch is-layout-flow wp-block-column-is-layout-flow\" style=\"flex-basis:80%\"><div class=\"oct-news-item pages_lamelles\">\n            <div class=\"div-img\">\n            <img loading=\"lazy\" decoding=\"async\" width=\"174\" height=\"115\" src=\"https:\/\/www.express-online.com\/wp-content\/uploads\/mobile-img.png\" class=\"attachment-post-lamelle size-post-lamelle\" alt=\"\">        <\/div>\n            <div class=\"right-bloc\">\n    <h2 class=\"h3 oct-template-lamelle_title oct-title--margin\">\n        Get real-time access to the best-positioned vehicles    <\/h2>\n    <div class=\"oct-template-lamelle_content\">\n        <p>The Express-Online platform identifies in real time the vehicles best positioned for your request, making optimal use of return trips. You are put in direct contact with the available carrier who offers you the best solution.<\/p>\n    <\/div>\n    <\/div>\n \n<\/div>\n\n\n\n<div class=\"oct-news-item pages_lamelles\">\n            <div class=\"div-img\">\n            <img loading=\"lazy\" decoding=\"async\" width=\"174\" height=\"112\" src=\"https:\/\/www.express-online.com\/wp-content\/uploads\/stop-img.png\" class=\"attachment-post-lamelle size-post-lamelle\" alt=\"\">        <\/div>\n            <div class=\"right-bloc\">\n    <h2 class=\"h3 oct-template-lamelle_title oct-title--margin\">\n        Pay only upon success    <\/h2>\n    <div class=\"oct-template-lamelle_content\">\n        <p>You only pay a commission to Express-Online when the proposed solution fully meets your needs and the vehicle&#8217;s availability has been confirmed.<\/p>\n    <\/div>\n    <\/div>\n \n<\/div>\n\n\n\n<div class=\"oct-news-item pages_lamelles\">\n            <div class=\"div-img\">\n            <img loading=\"lazy\" decoding=\"async\" width=\"174\" height=\"112\" src=\"https:\/\/www.express-online.com\/wp-content\/uploads\/pc-img.png\" class=\"attachment-post-lamelle size-post-lamelle\" alt=\"\">        <\/div>\n            <div class=\"right-bloc\">\n    <h2 class=\"h3 oct-template-lamelle_title oct-title--margin\">\n        Access a wide range of features    <\/h2>\n    <div class=\"oct-template-lamelle_content\">\n        <ul>\n<li>Benefit from our database of 1,500 express carriers (LCVs)<\/li>\n<li>View documentation for your selected carrier<\/li>\n<li>Connect directly with him<\/li>\n<li>Rate your contracted carriers<\/li>\n<li>Access your rating history<\/li>\n<\/ul>\n    <\/div>\n    <\/div>\n \n<\/div>\n\n<\/div>\n\n\n\n<div class=\"wp-block-column is-layout-flow wp-block-column-is-layout-flow\" style=\"flex-basis:20%\"><div class=\"oct-template-sidebar_container\">\n        <div class=\"oct-about-aside page_labelles\">\n        <p class=\"oct-editor-sidebar_title\">\n            SIGN UP TO OUR MATCHMAKING PLATFORM        <\/p>\n\n    <\/div>\n        <div class=\"oct-template-sidebar-logo spacing\">\n        <img decoding=\"async\" src=\"https:\/\/www.express-online.com\/wp-content\/uploads\/madame.jpg\"\n            class=\"your-custom-class\" alt=\"Image Lamelle\">\n                                    <div class=\"oct-template-sidebar-container \">\n    \n                        <a href=\"\/en\/charterer-registration\/\"\n                            class=\" oct-bg-orange arrow homepage_about\">\n                           <span class=\"\">I SIGN UP<\/span> \n                        <\/a>\n                    <\/div>\n                        <\/div>\n\n    <\/div>\n\n<div class=\"wp-block-image\">\n<figure class=\"aligncenter size-full\"><img decoding=\"async\" src=\"https:\/\/www.express-online.com\/wp-content\/uploads\/real-time-solution-img.png\" alt=\"\" class=\"wp-image-418\"><\/figure>\n<\/div><\/div>\n<\/div>\n\n\n\n<div class=\"wp-block-columns is-layout-flex wp-container-core-columns-is-layout-9d6595d7 wp-block-columns-is-layout-flex\">\n<div class=\"wp-block-column is-layout-flow wp-block-column-is-layout-flow\">\n<h2 class=\"wp-block-heading oct-template-lamelle_title\">HOW DOES IT WORK?<\/h2>\n\n\n\n<p class=\"oct-editor-paragraphe_content\">You will be put directly in touch with the most suitable express carrier<\/p>\n\n\n\n\n<div class=\"oct-home-btn_container\">\n    <a class=\"arrow center\" href=\"\/contact\/\">\n         CONTACT US    <\/a>\n<\/div><\/div>\n<\/div>\n\n\n\n<div class=\"wp-block-columns is-layout-flex wp-container-core-columns-is-layout-9d6595d7 wp-block-columns-is-layout-flex\">\n<div class=\"wp-block-column container is-layout-flow wp-block-column-is-layout-flow\">\n<h2 class=\"wp-block-heading oct-template-lamelle_title\">ANSWERS TO YOUR QUESTIONS<\/h2>\n\n\n<div id=\"rank-math-faq\" class=\"rank-math-block\">\n<div class=\"rank-math-list \">\n<div id=\"faq-question-1709127921939\" class=\"rank-math-list-item\">\n<h3 class=\"rank-math-question \">Who is the \u201cExpress-Online\u201d service for?<\/h3>\n<div class=\"rank-math-answer \">\n\n<p>The \u201cExpress-Online\u201d service is intended for organizers of national and European express road transport (Shippers) who wish to benefit from the innovative Express-Online search system that allows them to be directly connected with the \u201cmost suitably located available express carrier\u201d for each of their searches. This saves them search time and improves their subcontracting costs for urgent and customized transport services (\u201ctaxi-parcel\u201d).<\/p>\n\n<\/div>\n<\/div>\n<div id=\"faq-question-1709128135824\" class=\"rank-math-list-item\">\n<h3 class=\"rank-math-question \">Why does Express-Online stand out?<\/h3>\n<div class=\"rank-math-answer \">\n\n<p>A forecasting and anticipation tool, Express-Online relies on geolocation and takes into account the movement of vehicles over time and space to identify return routes that partially or fully match vehicle search requests in France and Europe. Express-Online primarily targets matches between vehicle searches and return trips.<\/p>\n\n<\/div>\n<\/div>\n<div id=\"faq-question-1709128155898\" class=\"rank-math-list-item\">\n<h3 class=\"rank-math-question \">Does Express-Online intervene in the transaction?<\/h3>\n<div class=\"rank-math-answer \">\n\n<p>No, Express-Online does not intervene in the transaction. Reloading rates are negotiated directly between clients and carriers based on indicative standard prices proposed by the platform. Co-contractors may freely deviate from these standard prices within a margin of approximately 20%.<\/p>\n\n<\/div>\n<\/div>\n<div id=\"faq-question-1709301850313\" class=\"rank-math-list-item\">\n<h3 class=\"rank-math-question \">Who sets the prices?<\/h3>\n<div class=\"rank-math-answer \">\n\n<p>The estimated price is set by our algorithms. It takes into account the carrier\u2019s geographic location, the detour needed to complete the mission, common industry practices, vehicle characteristics, and the base per-kilometer rate applied by the carrier for that vehicle. The final price is generally the same or very close to the estimated price and results from quick exchanges via emails and notifications between our platform, the shippers, and the carriers. This process ensures the platform is used as intended by both shippers and carriers.<\/p>\n\n<\/div>\n<\/div>\n<div id=\"faq-question-1709301863134\" class=\"rank-math-list-item\">\n<h3 class=\"rank-math-question \">What area does Express-Online cover?<\/h3>\n<div class=\"rank-math-answer \">\n\n<p>Express-Online covers the entire French and European territory.<\/p>\n\n<\/div>\n<\/div>\n<div id=\"faq-question-1709301884482\" class=\"rank-math-list-item\">\n<h3 class=\"rank-math-question \">Are the collected data shared with other companies?<\/h3>\n<div class=\"rank-math-answer \">\n\n<p>Absolutely not: the data collected on www.express-online.com is made available to subscribers solely for the operation of the Express-Online platform and cannot be used for any purpose other than that of the site: facilitating connections between express transport professionals. Under no circumstances may they be sold or used on behalf of third parties for commercial prospecting.<\/p>\n\n<\/div>\n<\/div>\n<div id=\"faq-question-1709723085050\" class=\"rank-math-list-item\">\n<h3 class=\"rank-math-question \">How can I register?<\/h3>\n<div class=\"rank-math-answer \">\n\n<p>To register, simply connect to the registration process and follow the instructions. At the end of the registration, you will be required to upload your certificate of registration in the register of transport commission agents (CIRCT), a k-bis extract dated less than 6 months, and any professional activity document that may be requested.<\/p>\n\n<\/div>\n<\/div>\n<div id=\"faq-question-1709723212156\" class=\"rank-math-list-item\">\n<h3 class=\"rank-math-question \">What is the purpose of Express-Online for shippers?<\/h3>\n<div class=\"rank-math-answer \">\n\n<p>Express-Online is a tool that connects carriers and shippers based on identified matches between vehicle routes and freight routes. In the case of a partial or full route match, the Express-Online solution allows shippers and clients to pay only for the vehicle\u2019s return trip, while allowing carriers to optimize that return trip. It\u2019s a win-win setup.<\/p>\n\n<\/div>\n<\/div>\n<div id=\"faq-question-1709723232784\" class=\"rank-math-list-item\">\n<h3 class=\"rank-math-question \">What is the cost of Express-Online for express shippers?<\/h3>\n<div class=\"rank-math-answer \">\n\n<p>Using the \u201cExpress-Online\u201d matching service results in a matching commission to be paid by the express shipper. The amount is calculated based on the potential benefit of the connection.<\/p>\n\n<\/div>\n<\/div>\n<div id=\"faq-question-1709723390428\" class=\"rank-math-list-item\">\n<h3 class=\"rank-math-question \">Is the confidentiality of my clients guaranteed?<\/h3>\n<div class=\"rank-math-answer \">\n\n<p>Yes, it is guaranteed by the fact that you will not share your pickup or delivery addresses, or the names or addresses of your clients on the Express-Online platform. You will only indicate the pickup and delivery cities on the platform, not the detailed addresses. You will send the full addresses to your co-contractors using your own communication tools (emails, business software, phone, etc.).<\/p>\n\n<\/div>\n<\/div>\n<\/div>\n<\/div>\n\n<div class=\"oct-home-btn_container\">\n    <a class=\"arrow center\" href=\"\/en\/solution\/faq\/\">\n        ALL QUESTIONS &#038; ANSWERS    <\/a>\n<\/div>\n\n<\/div>\n<\/div>\n\n\n    <div class=\"wrapper wrapper-grey oct-template_block\">\n        <div id=\"comment-ca-marche\" class=\"container oct-home-avantages\">\n            <h2 class=\"oct-home-title\"> How does it work? <!--Comment \u00e7a marche ?--><\/h2>\n            <ul>\n                <li>Search for the best available vehicle <!--Recherche du v\u00e9hicule disponible le mieux plac\u00e9--><\/li>\n                <li>Suggested purchase price taking into account the detour <!--Proposition d\u2019un prix d\u2019achat conseill\u00e9 tenant compte du d\u00e9tour--><\/li>\n                <li>Validation of vehicle cost and availability and agreement on connection fees <!--Validation du co\u00fbt et de la disponibilit\u00e9 du v\u00e9hicule et accord sur les frais de mise en relation--><\/li>\n                <li>Charterer to pay Express-Online for connection fees <!--R\u00e8glement des frais de mise en relation par l\u2019affr\u00e9teur \u00e0 Express-Online--><\/li>\n                <li>Connecting the charterer with the carrier <!--Mise en relation de l\u2019affr\u00e9teur avec le transporteur--><\/li>\n            <\/ul>\n        <\/div>\n    <\/div>\n","protected":false},"excerpt":{"rendered":"<p>Use an innovative contact platform for your express deliveries It&#8217;s very simple: just a few minutes after making a contact request in your customer area, you&#8217;ll be put in direct contact with the most suitable express carrier HOW DOES IT WORK? You will be put directly in touch with the most suitable express carrier ANSWERS [&hellip;]<\/p>\n","protected":false},"author":1,"featured_media":0,"parent":2862,"menu_order":0,"comment_status":"closed","ping_status":"closed","template":"","meta":{"_acf_changed":false,"footnotes":""},"class_list":["post-2885","page","type-page","status-publish","hentry"],"acf":[],"_links":{"self":[{"href":"https:\/\/www.express-online.com\/en\/wp-json\/wp\/v2\/pages\/2885","targetHints":{"allow":["GET"]}}],"collection":[{"href":"https:\/\/www.express-online.com\/en\/wp-json\/wp\/v2\/pages"}],"about":[{"href":"https:\/\/www.express-online.com\/en\/wp-json\/wp\/v2\/types\/page"}],"author":[{"embeddable":true,"href":"https:\/\/www.express-online.com\/en\/wp-json\/wp\/v2\/users\/1"}],"replies":[{"embeddable":true,"href":"https:\/\/www.express-online.com\/en\/wp-json\/wp\/v2\/comments?post=2885"}],"version-history":[{"count":32,"href":"https:\/\/www.express-online.com\/en\/wp-json\/wp\/v2\/pages\/2885\/revisions"}],"predecessor-version":[{"id":3391,"href":"https:\/\/www.express-online.com\/en\/wp-json\/wp\/v2\/pages\/2885\/revisions\/3391"}],"up":[{"embeddable":true,"href":"https:\/\/www.express-online.com\/en\/wp-json\/wp\/v2\/pages\/2862"}],"wp:attachment":[{"href":"https:\/\/www.express-online.com\/en\/wp-json\/wp\/v2\/media?parent=2885"}],"curies":[{"name":"wp","href":"https:\/\/api.w.org\/{rel}","templated":true}]}}