{"id":2881,"date":"2021-06-02T16:50:51","date_gmt":"2021-06-02T14:50:51","guid":{"rendered":"https:\/\/www.express-online.com\/qui-sommes-nous\/"},"modified":"2025-07-30T15:32:52","modified_gmt":"2025-07-30T13:32:52","slug":"about-us","status":"publish","type":"page","link":"https:\/\/www.express-online.com\/en\/about-us\/","title":{"rendered":"About us"},"content":{"rendered":"\n<div class=\"wp-block-columns is-layout-flex wp-container-core-columns-is-layout-9d6595d7 wp-block-columns-is-layout-flex\">\n<div class=\"wp-block-column is-layout-flow wp-block-column-is-layout-flow\">\n<p>Based on road flow optimization, the Express-Online platform enables express carriers to reload their vehicles under the best conditions, and allows express freight forwarders to benefit from the best-positioned vehicles in France and Europe for direct, non-stop deliveries.<\/p>\n\n\n\n<p> The Express-Online tool was designed and developed by <a href=\"https:\/\/www.perceval-express.com\/\" target=\"_blank\" rel=\"noopener\">Perceval-Express<\/a>, in partnership with specialists in the development of advanced, industry-specific applications.<\/p>\n\n\n\n<p>Subject to demanding standards of reliability, accuracy, and timing, \u201cparcel taxi\u201d services operate under strict operational constraints and require the support of highly experienced and dependable transport resources.<\/p>\n\n\n\n<h2 class=\"wp-block-heading h3 has-text-color has-link-color has-medium-font-size wp-elements-27a1cf828f1e343fa13eb200438cd202\" style=\"color:#ff6a00\">\n            Express-Online: the result of over 25 years of experience in dedicated vehicle express transport<\/h2>\n\n\n\n<p>Express-Online connects \u201cexpress freight forwarders\u201d with the best-positioned express carrier, based on the most optimal \u201cfreight\/route\u201d match identified by our search algorithms \u2014 and whose availability is confirmed by our operators.<\/p>\n\n\n\n<p>\nA tool for forecasting and planning, Express-Online takes into account the real-time progress of vehicles across time and space, identifying the best \u201cfreight\/route\u201d matches. Our operators then quickly and seamlessly verify vehicle availability through our custom-designed Express-Online rapid exchange module.<\/p>\n\n\n\n<p>Express freight forwarders, gain access to the best available resources, in the shortest time, and at the best price!<\/p>\n\n\n\n<p><strong>Alone we go faster \u2013 Together we go further!<\/strong><\/p>\n\n\n<div class=\"oct-home-btn_container\">\n    <a class=\"arrow center\" href=\"\/en\/solution\/\">\n        THE EXPRESS-ONLINE SOLUTION    <\/a>\n<\/div><\/div>\n<\/div>\n\n\n    <div class=\"wrapper wrapper-grey oct-template_block\">\n        <div id=\"comment-ca-marche\" class=\"container oct-home-avantages\">\n            <h2 class=\"oct-home-title\"> How does it work? <!--Comment \u00e7a marche ?--><\/h2>\n            <ul>\n                <li>Search for the best available vehicle <!--Recherche du v\u00e9hicule disponible le mieux plac\u00e9--><\/li>\n                <li>Suggested purchase price taking into account the detour <!--Proposition d\u2019un prix d\u2019achat conseill\u00e9 tenant compte du d\u00e9tour--><\/li>\n                <li>Validation of vehicle cost and availability and agreement on connection fees <!--Validation du co\u00fbt et de la disponibilit\u00e9 du v\u00e9hicule et accord sur les frais de mise en relation--><\/li>\n                <li>Charterer to pay Express-Online for connection fees <!--R\u00e8glement des frais de mise en relation par l\u2019affr\u00e9teur \u00e0 Express-Online--><\/li>\n                <li>Connecting the charterer with the carrier <!--Mise en relation de l\u2019affr\u00e9teur avec le transporteur--><\/li>\n            <\/ul>\n        <\/div>\n    <\/div>\n\n","protected":false},"excerpt":{"rendered":"<p>Based on road flow optimization, the Express-Online platform enables express carriers to reload their vehicles under the best conditions, and allows express freight forwarders to benefit from the best-positioned vehicles in France and Europe for direct, non-stop deliveries. The Express-Online tool was designed and developed by Perceval-Express, in partnership with specialists in the development of [&hellip;]<\/p>\n","protected":false},"author":2,"featured_media":0,"parent":0,"menu_order":0,"comment_status":"closed","ping_status":"closed","template":"","meta":{"_acf_changed":false,"footnotes":""},"class_list":["post-2881","page","type-page","status-publish","hentry"],"acf":[],"_links":{"self":[{"href":"https:\/\/www.express-online.com\/en\/wp-json\/wp\/v2\/pages\/2881","targetHints":{"allow":["GET"]}}],"collection":[{"href":"https:\/\/www.express-online.com\/en\/wp-json\/wp\/v2\/pages"}],"about":[{"href":"https:\/\/www.express-online.com\/en\/wp-json\/wp\/v2\/types\/page"}],"author":[{"embeddable":true,"href":"https:\/\/www.express-online.com\/en\/wp-json\/wp\/v2\/users\/2"}],"replies":[{"embeddable":true,"href":"https:\/\/www.express-online.com\/en\/wp-json\/wp\/v2\/comments?post=2881"}],"version-history":[{"count":7,"href":"https:\/\/www.express-online.com\/en\/wp-json\/wp\/v2\/pages\/2881\/revisions"}],"predecessor-version":[{"id":3470,"href":"https:\/\/www.express-online.com\/en\/wp-json\/wp\/v2\/pages\/2881\/revisions\/3470"}],"wp:attachment":[{"href":"https:\/\/www.express-online.com\/en\/wp-json\/wp\/v2\/media?parent=2881"}],"curies":[{"name":"wp","href":"https:\/\/api.w.org\/{rel}","templated":true}]}}