{"id":2869,"date":"2024-03-01T15:12:10","date_gmt":"2024-03-01T14:12:10","guid":{"rendered":"https:\/\/www.express-online.com\/trouver-un-transporteur\/"},"modified":"2025-07-31T10:13:16","modified_gmt":"2025-07-31T08:13:16","slug":"find-available-carrier-best","status":"publish","type":"page","link":"https:\/\/www.express-online.com\/en\/find-available-carrier-best\/","title":{"rendered":"Find the available carrier <br>best positioned, at the best price"},"content":{"rendered":"\n<div class=\"wp-block-columns small-container is-layout-flex wp-container-core-columns-is-layout-9d6595d7 wp-block-columns-is-layout-flex\">\n<div class=\"wp-block-column is-layout-flow wp-block-column-is-layout-flow\">\n<p>Take advantage of the best conditions with our vehicle sourcing system.\nPrototypes, samples, spare parts, express transport from 10g to 10T \u2014 we offer a tailored solution whether you&#8217;re a <strong>Freight Forwarder<\/strong> or a <strong>Shipper<\/strong>.<\/p>\n\n\n\n<div style=\"height:8px\" aria-hidden=\"true\" class=\"wp-block-spacer\"><\/div>\n\n\n\n<h2 class=\"wp-block-heading has-text-align-center h2\"><strong>HOW DOES IT WORK?<\/strong><\/h2>\n\n\n    <div class=\"oct_list\">\n        <ol>\n                            <li>\n                    <div class=\"oct_list--content oct_list--content-no-title\"><p>Request to be connected if you&#8217;re a freight forwarder, or ask for a quote if you&#8217;re a shipper.<\/p>\n<\/div>                <\/li>\n                                <li>\n                    <div class=\"oct_list--content oct_list--content-no-title\"><p>We will confirm the availability of the best-positioned vehicle and offer you the most suitable solution.<\/p>\n<\/div>                <\/li>\n                        <\/ol>\n    <\/div>\n    \n\n<div class=\"small-container container_margin--top oct-home-profils\">\n    <div class=\"oct-home-profil-wrapper\">\n        <div class=\"oct-home-profil-item\">\n            <h2 class=\" sub-title_orange\" style=\"margin-bottom :20px ;\">Charterers, we&#8217;ve got you covered! <!--Affr\u00e9teurs, on s\u2019occupe de vous !--><\/h2>\n            <div class=\"wrapper wrapper-grey rounded\">\n                <div class=\"oct-home-profil oct-home-profil-affreteur\">\n                                        <h3><a class=\"h2 oct-home-profil-title\" href=\"\/en\/charterer-registration\">I&#8217;M A CHARTERER <!--JE SUIS AFFRETEUR--><\/a><\/h3>\n                    <p>Direct access to the most suitable available vehicle for my search <!--J\u2019acc\u00e8de directement au v\u00e9hicule disponible le mieux plac\u00e9 pour ma recherche--><\/p>\n\n                    <a class=\"arrow homepage_about\" href=\"\/en\/charterer-registration\" >SEE MORE<!--VOIR +--><\/a>\n\n                <\/div>\n            <\/div>\n        <\/div>\n\n        <div id=\"popup\" class=\"popup\">\n            <div class=\"modal-back\" id=\"modal-back\"><\/div>\n            <div class=\"popup-display\">\n                <span id=\"closeBtn\">&times;<\/span>\n                <p style=\"text-align:center; font-size: 18px;\">\n                    <!-- Nous allons vous rediriger vers la soci\u00e9t\u00e9 Perceval Express, sp\u00e9cialis\u00e9e dans le transport urgent et sur mesure en France et en Europe. -->\n                    We will redirect you to Perceval Express, a company specializing in urgent and customized transport in France and Europe.                <\/p>\n                <button id=\"okButton\">OK<\/button>\n            <\/div>\n        <\/div>\n    <\/div>\n<\/div><\/div>\n<\/div>\n\n\n    <div class=\"wrapper wrapper-grey\">\n        <div id=\"comment-ca-marche\" class=\"container oct-home-avantages oct-home-avantages--four-items\">\n            <h2 class=\"oct-home-title\">How does it work? <!--Comment \u00e7a marche ?--><\/h2>\n            <ul>\n                <li>Search for the best available vehicle <!--Recherche du v\u00e9hicule disponible le mieux plac\u00e9--><\/li>\n                <li>Corresponding optimized price proposal <!--Proposition du prix optimis\u00e9 correspondant--><\/li>\n                <li>Price and availability validation <!--Validation du prix et de la disponibilit\u00e9--><\/li>\n                <li>Confirmation of operation <!--Confirmation de l\u2019op\u00e9ration--><\/li>\n            <\/ul>\n        <\/div>\n    <\/div>\n\n\n<div class=\"oct-home-btn_container\">\n    <a class=\"arrow center\" href=\"\/en\/contact\/\">\n        CONTACT US    <\/a>\n<\/div>\n\n\n<div class=\"wp-block-columns is-layout-flex wp-container-core-columns-is-layout-9d6595d7 wp-block-columns-is-layout-flex\">\n  \n  <div class=\"wp-block-column is-layout-flow wp-block-column-is-layout-flow\">\n    <div id=\"rank-math-faq\" class=\"rank-math-block\">\n<div class=\"rank-math-list \">\n<div id=\"faq-question-1709049605351\" class=\"rank-math-list-item\">\n<h3 class=\"rank-math-question \">Why does Express-Online stand out?<\/h3>\n<div class=\"rank-math-answer \">\n\n<p>A forecasting and anticipation tool, Express-Online relies on geolocation and considers the movement of vehicles over time and space to identify return routes that partially or fully match vehicle search requests in France and Europe. Express-Online prioritizes matches between vehicle searches and return trips. Then, Express-Online operators establish a quick exchange between express carriers and shippers to validate the availability of preselected carriers and enable the easy reloading of return vehicles with urgent freight offers. This rapid exchange is carried out via our specialized application for immediate &#8216;shipper-carrier&#8217; relationship management.<\/p>\n\n<\/div>\n<\/div>\n<div id=\"faq-question-1709050250228\" class=\"rank-math-list-item\">\n<h3 class=\"rank-math-question \">Who is the \u201cExpress-Online\u201d service for?<\/h3>\n<div class=\"rank-math-answer \">\n\n<p>Express-Online operators establish a quick exchange between express carriers and shippers to validate the availability of preselected carriers and enable the easy reloading of return vehicles with urgent freight offers. This rapid exchange is carried out via our specialized application for immediate &#8216;shipper-carrier&#8217; relationship management.<\/p>\n\n<\/div>\n<\/div>\n<div id=\"faq-question-1709723212156\" class=\"rank-math-list-item\">\n<h3 class=\"rank-math-question \">What is the purpose of Express-Online for shippers?<\/h3>\n<div class=\"rank-math-answer \">\n\n<p>Express-Online is a matchmaking tool for carriers and shippers based on identified matches between vehicle routes and freight routes. In the case of a partial or full route match, the Express-Online solution allows shippers and clients to only pay for the vehicle\u2019s return trip while helping carriers optimize their return trip. It\u2019s a win-win situation.<\/p>\n\n<\/div>\n<\/div>\n<div id=\"faq-question-1709723439995\" class=\"rank-math-list-item\">\n<h3 class=\"rank-math-question \">Can I choose a carrier?<\/h3>\n<div class=\"rank-math-answer \">\n\n<p>No, but we systematically propose the best-positioned vehicle whose availability we have verified. The selection also takes into account the carrier evaluations.<\/p>\n\n<\/div>\n<\/div>\n<\/div>\n<\/div>\n  <\/div>\n  \n<\/div>\n\n","protected":false},"excerpt":{"rendered":"<p>Take advantage of the best conditions with our vehicle sourcing system. Prototypes, samples, spare parts, express transport from 10g to 10T \u2014 we offer a tailored solution whether you&#8217;re a Freight Forwarder or a Shipper. HOW DOES IT WORK?<\/p>\n","protected":false},"author":1,"featured_media":0,"parent":0,"menu_order":0,"comment_status":"closed","ping_status":"closed","template":"","meta":{"_acf_changed":false,"footnotes":""},"class_list":["post-2869","page","type-page","status-publish","hentry"],"acf":[],"_links":{"self":[{"href":"https:\/\/www.express-online.com\/en\/wp-json\/wp\/v2\/pages\/2869","targetHints":{"allow":["GET"]}}],"collection":[{"href":"https:\/\/www.express-online.com\/en\/wp-json\/wp\/v2\/pages"}],"about":[{"href":"https:\/\/www.express-online.com\/en\/wp-json\/wp\/v2\/types\/page"}],"author":[{"embeddable":true,"href":"https:\/\/www.express-online.com\/en\/wp-json\/wp\/v2\/users\/1"}],"replies":[{"embeddable":true,"href":"https:\/\/www.express-online.com\/en\/wp-json\/wp\/v2\/comments?post=2869"}],"version-history":[{"count":21,"href":"https:\/\/www.express-online.com\/en\/wp-json\/wp\/v2\/pages\/2869\/revisions"}],"predecessor-version":[{"id":3500,"href":"https:\/\/www.express-online.com\/en\/wp-json\/wp\/v2\/pages\/2869\/revisions\/3500"}],"wp:attachment":[{"href":"https:\/\/www.express-online.com\/en\/wp-json\/wp\/v2\/media?parent=2869"}],"curies":[{"name":"wp","href":"https:\/\/api.w.org\/{rel}","templated":true}]}}