{"id":2862,"date":"2021-06-02T16:05:34","date_gmt":"2021-06-02T14:05:34","guid":{"rendered":"https:\/\/www.express-online.com\/solution\/"},"modified":"2025-07-30T15:04:50","modified_gmt":"2025-07-30T13:04:50","slug":"solution","status":"publish","type":"page","link":"https:\/\/www.express-online.com\/en\/solution\/","title":{"rendered":"The Express Online solution"},"content":{"rendered":"\n<div class=\"wp-block-columns is-layout-flex wp-container-core-columns-is-layout-9d6595d7 wp-block-columns-is-layout-flex\">\n<div class=\"wp-block-column is-layout-flow wp-block-column-is-layout-flow\">\n<h2 class=\"wp-block-heading sub-title_orange\">A &#8220;real-time&#8221; matchmaking platform<\/h2>\n\n\n\n<p>Express-Online was born of the desire to provide express carriers using light commercial vehicles with an <em>adapted reloading tool<\/em>&#8230; The aim of this innovative platform is to <strong>optimize the reloading of return journeys<\/strong> by geolocating vehicles, anticipating return vehicle journeys and identifying matches between freight journeys and &#8220;return&#8221; vehicle journeys.<\/p>\n\n\n\n<p>A forward-looking tool, Express-Online takes into account the <strong>progress of vehicles in time and space<\/strong>.<br>In the face of ecological challenges, and to meet the constraints of East-West competition in the light commercial vehicle (LCV) road transport sector, the industry has no choice but to renew itself and rethink its operating methods<br>. By reducing the number of empty returns, Express-Online has a <em>positive impact<\/em> on the environment, by clearing the roads and reducing the carbon footprint of light commercial vehicles in Europe.<\/p>\n\n\n\n<div style=\"height:17px\" aria-hidden=\"true\" class=\"wp-block-spacer\"><\/div>\n\n\n<div class=\" oct-solution-profils\">\n    <div class=\"oct-home-profil-wrapper\">\n        <div class=\"oct-home-profil-item\">\n            <div class=\"wrapper wrapper-grey rounded\">\n                <div class=\"oct-home-profil oct-home-profil-affreteur\">\n                    <h2><a class=\"h2 oct-home-profil-title\"\n                            href=\"https:\/\/www.express-online.com\/inscription-affreteur\/\">\n                            I&#8217;M A CHARTERER <!--JE SUIS AFFRETEUR--><\/a><\/h2>\n                    <p>I would like to be put in direct contact with express carriers                        <!--Je souhaite \u00eatre directement mis en relation avec les transporteurs express-->\n                    <\/p>\n                    <span\n                        class=\"arrow homepage_about\">SEE MORE<!--VOIR +--><\/span>\n                <\/div>\n            <\/div>\n        <\/div>\n\n        <div class=\"oct-home-profil-item \">\n            <div class=\"wrapper wrapper-grey rounded\">\n                <div class=\"oct-home-profil oct-home-profil-transporteur\">\n                    <h2><a href=\"https:\/\/app.express-online.com\/signup\/step0-country\/\"\n                            class=\"h2 oct-home-profil-title\">I&#8217;M A CARRIER                            <!--JE SUIS TRANSPORTEUR--><\/a><\/h2>\n                    <p>I would like to be put in direct contact with Express-Online                        <!-- Je souhaite \u00eatre directement mis en relation avec les affr\u00e9teurs Express-Online -->\n                    <\/p>\n                    <span\n                        class=\"arrow homepage_about\">SEE MORE<!--VOIR +--><\/span>\n                <\/div>\n            <\/div>\n        <\/div>\n    <\/div>\n<\/div>\n\n<div class=\"wp-block-image\">\n<figure class=\"aligncenter size-full is-resized\"><img decoding=\"async\" src=\"https:\/\/www.express-online.com\/wp-content\/uploads\/technologie-au-service-logo.png\" alt=\"\" class=\"wp-image-397\" style=\"width:179px;height:auto\"><\/figure>\n<\/div>\n\n\n<div style=\"height:25px\" aria-hidden=\"true\" class=\"wp-block-spacer\"><\/div>\n<\/div>\n<\/div>\n\n\n    <div class=\"wrapper wrapper-grey oct-template_block\">\n        <div id=\"comment-ca-marche\" class=\"container oct-home-avantages\">\n            <h2 class=\"oct-home-title\"> How does it work? <!--Comment \u00e7a marche ?--><\/h2>\n            <ul>\n                <li>Search for the best available vehicle <!--Recherche du v\u00e9hicule disponible le mieux plac\u00e9--><\/li>\n                <li>Suggested purchase price taking into account the detour <!--Proposition d\u2019un prix d\u2019achat conseill\u00e9 tenant compte du d\u00e9tour--><\/li>\n                <li>Validation of vehicle cost and availability and agreement on connection fees <!--Validation du co\u00fbt et de la disponibilit\u00e9 du v\u00e9hicule et accord sur les frais de mise en relation--><\/li>\n                <li>Charterer to pay Express-Online for connection fees <!--R\u00e8glement des frais de mise en relation par l\u2019affr\u00e9teur \u00e0 Express-Online--><\/li>\n                <li>Connecting the charterer with the carrier <!--Mise en relation de l\u2019affr\u00e9teur avec le transporteur--><\/li>\n            <\/ul>\n        <\/div>\n    <\/div>\n","protected":false},"excerpt":{"rendered":"<p>A &#8220;real-time&#8221; matchmaking platform Express-Online was born of the desire to provide express carriers using light commercial vehicles with an adapted reloading tool&#8230; The aim of this innovative platform is to optimize the reloading of return journeys by geolocating vehicles, anticipating return vehicle journeys and identifying matches between freight journeys and &#8220;return&#8221; vehicle journeys. A [&hellip;]<\/p>\n","protected":false},"author":3,"featured_media":0,"parent":0,"menu_order":0,"comment_status":"closed","ping_status":"closed","template":"","meta":{"_acf_changed":false,"footnotes":""},"class_list":["post-2862","page","type-page","status-publish","hentry"],"acf":[],"_links":{"self":[{"href":"https:\/\/www.express-online.com\/en\/wp-json\/wp\/v2\/pages\/2862","targetHints":{"allow":["GET"]}}],"collection":[{"href":"https:\/\/www.express-online.com\/en\/wp-json\/wp\/v2\/pages"}],"about":[{"href":"https:\/\/www.express-online.com\/en\/wp-json\/wp\/v2\/types\/page"}],"author":[{"embeddable":true,"href":"https:\/\/www.express-online.com\/en\/wp-json\/wp\/v2\/users\/3"}],"replies":[{"embeddable":true,"href":"https:\/\/www.express-online.com\/en\/wp-json\/wp\/v2\/comments?post=2862"}],"version-history":[{"count":12,"href":"https:\/\/www.express-online.com\/en\/wp-json\/wp\/v2\/pages\/2862\/revisions"}],"predecessor-version":[{"id":3676,"href":"https:\/\/www.express-online.com\/en\/wp-json\/wp\/v2\/pages\/2862\/revisions\/3676"}],"wp:attachment":[{"href":"https:\/\/www.express-online.com\/en\/wp-json\/wp\/v2\/media?parent=2862"}],"curies":[{"name":"wp","href":"https:\/\/api.w.org\/{rel}","templated":true}]}}